{"id":39,"date":"2021-01-25T19:54:44","date_gmt":"2021-01-25T19:54:44","guid":{"rendered":"https:\/\/wordpress.charlesjann.com\/?page_id=39"},"modified":"2022-10-16T16:03:41","modified_gmt":"2022-10-16T16:03:41","slug":"lettres-de-reference","status":"publish","type":"page","link":"https:\/\/www.charlesjann.com\/de\/about\/lettres-de-reference\/","title":{"rendered":"Referenzschreiben"},"content":{"rendered":"\n<div class=\"wp-block-aab-accordion-block aab__accordion_container\" style=\"border:1px solid #cccccc;margin-top:0px;margin-bottom:15px;border-radius:0px\"><div class=\"aab__accordion_head aab_right_icon\" data-active=\"false\" style=\"color:#333333;background-color:transparent;padding:10px 15px 10px 15px\"><div class=\"aab__accordion_heading aab_right_icon\"><h5 class=\"aab__accordion_title\" style=\"margin:0;color:#333333\">> \u00dcbersetzung<\/h5><\/div><div class=\"aab__accordion_icon\" style=\"color:#333333;background-color:transparent\"><span class=\"aab__icon dashicons dashicons-plus-alt2\"><\/span><\/div><\/div><div class=\"aab__accordion_body \" role=\"region\" style=\"background-color:transparent;border-top:1px solid #cccccc;padding:10px 15px 10px 15px\">\n<p>Ich denke, dass Charles Jann ein ganz und gar au\u00dfergew\u00f6hnliches musikalisches Talent besitzt.<\/p>\n\n\n\n<p>Er nahm an meinem &#8222;MeisterKurs&#8220; am Konservatorium von Genf im August 1972 teil und bei manchen Gelegenheiten konnte ich seine Begabungen feststellen, die ihn nach unerm\u00fcdlichen Studien weit f\u00fchren m\u00fcssen.<\/p>\n\n\n\n<p>Mit ganzer Aufrichtigkeit sehe ich eine sch\u00f6ne Karriere als Pianist f\u00fcr ihn voraus<\/p>\n\n\n\n<p>Nikita Magaloff<\/p>\n\n\n\n<p>27.10.1972<\/p>\n<\/div><\/div>\n\n\n<div class=\"wp-block-image\">\n<figure class=\"aligncenter size-large\"><img loading=\"lazy\" decoding=\"async\" width=\"566\" height=\"713\" src=\"https:\/\/www.charlesjann.com\/wp-content\/uploads\/lettre_recomand1.gif\" alt=\"\" class=\"wp-image-40\"\/><\/figure><\/div>\n\n\n<div class=\"wp-block-aab-accordion-block aab__accordion_container\" style=\"border:1px solid #cccccc;margin-top:0px;margin-bottom:15px;border-radius:0px\"><div class=\"aab__accordion_head aab_right_icon\" data-active=\"false\" style=\"color:#333333;background-color:transparent;padding:10px 15px 10px 15px\"><div class=\"aab__accordion_heading aab_right_icon\"><h5 class=\"aab__accordion_title\" style=\"margin:0;color:#333333\">> \u00dcbersetzung<\/h5><\/div><div class=\"aab__accordion_icon\" style=\"color:#333333;background-color:transparent\"><span class=\"aab__icon dashicons dashicons-plus-alt2\"><\/span><\/div><\/div><div class=\"aab__accordion_body \" role=\"region\" style=\"background-color:transparent;border-top:1px solid #cccccc;padding:10px 15px 10px 15px\">\n<p>Bei mehreren Begegnungen, wie auch anl\u00e4\u00dflich meines Kurses zur Interpretation am Konservatorium von Genf, hatte ich die Gelegenheit, das unbestreitbare musikalische und pianistische Talent von Charles Jann festzustellen.<\/p>\n\n\n\n<p>Es ist jedoch essentiell, dass er sich ernsthaften musikalischen Studien widmen kann, die es seinen nat\u00fcrlichen Begabungen erlauben, sich zu entfalten und zu entwickeln.<\/p>\n\n\n\n<p>Es ist eine interessante und empfindliche Natur und ich hoffe, er wird den vielversprechenden Stand von heute durch eine vertiefte Arbeit zu realisieren wissen<\/p>\n\n\n\n<p>Nikita Magaloff<\/p>\n<\/div><\/div>\n\n\n<div class=\"wp-block-image\">\n<figure class=\"aligncenter size-large\"><img loading=\"lazy\" decoding=\"async\" width=\"750\" height=\"521\" src=\"https:\/\/www.charlesjann.com\/wp-content\/uploads\/lettre_nikita1.gif\" alt=\"\" class=\"wp-image-41\"\/><\/figure><\/div>","protected":false},"excerpt":{"rendered":"","protected":false},"author":1,"featured_media":0,"parent":7,"menu_order":0,"comment_status":"closed","ping_status":"closed","template":"","meta":{"footnotes":""},"_links":{"self":[{"href":"https:\/\/www.charlesjann.com\/de\/wp-json\/wp\/v2\/pages\/39"}],"collection":[{"href":"https:\/\/www.charlesjann.com\/de\/wp-json\/wp\/v2\/pages"}],"about":[{"href":"https:\/\/www.charlesjann.com\/de\/wp-json\/wp\/v2\/types\/page"}],"author":[{"embeddable":true,"href":"https:\/\/www.charlesjann.com\/de\/wp-json\/wp\/v2\/users\/1"}],"replies":[{"embeddable":true,"href":"https:\/\/www.charlesjann.com\/de\/wp-json\/wp\/v2\/comments?post=39"}],"version-history":[{"count":3,"href":"https:\/\/www.charlesjann.com\/de\/wp-json\/wp\/v2\/pages\/39\/revisions"}],"predecessor-version":[{"id":281,"href":"https:\/\/www.charlesjann.com\/de\/wp-json\/wp\/v2\/pages\/39\/revisions\/281"}],"up":[{"embeddable":true,"href":"https:\/\/www.charlesjann.com\/de\/wp-json\/wp\/v2\/pages\/7"}],"wp:attachment":[{"href":"https:\/\/www.charlesjann.com\/de\/wp-json\/wp\/v2\/media?parent=39"}],"curies":[{"name":"wp","href":"https:\/\/api.w.org\/{rel}","templated":true}]}}