{"id":44,"date":"2021-01-25T19:58:37","date_gmt":"2021-01-25T19:58:37","guid":{"rendered":"https:\/\/wordpress.charlesjann.com\/?page_id=44"},"modified":"2022-10-16T15:59:50","modified_gmt":"2022-10-16T15:59:50","slug":"critiques","status":"publish","type":"page","link":"https:\/\/www.charlesjann.com\/de\/about\/critiques\/","title":{"rendered":"Kritiken"},"content":{"rendered":"\n<div class=\"wp-block-aab-accordion-block aab__accordion_container\" style=\"border:1px solid #cccccc;margin-top:0px;margin-bottom:15px;border-radius:0px\"><div class=\"aab__accordion_head aab_right_icon\" data-active=\"false\" style=\"color:#333333;background-color:transparent;padding:10px 15px 10px 15px\"><div class=\"aab__accordion_heading aab_right_icon\"><h5 class=\"aab__accordion_title\" style=\"margin:0;color:#333333\">> \u00dcbersetzung<\/h5><\/div><div class=\"aab__accordion_icon\" style=\"color:#333333;background-color:transparent\"><span class=\"aab__icon dashicons dashicons-plus-alt2\"><\/span><\/div><\/div><div class=\"aab__accordion_body \" role=\"region\" style=\"background-color:transparent;border-top:1px solid #cccccc;padding:10px 15px 10px 15px\">\n<h5 class=\"has-text-align-center wp-block-heading\" style=\"text-transform:uppercase\">Festival der Jugendorchester<\/h5>\n\n\n\n<h2 class=\"has-text-align-center wp-block-heading\">Entdeckung eines Pianisten<\/h2>\n\n\n\n<p>Mit gro\u00dfem Vergn\u00fcgen nahmen wir am Konzert unserer jungen Landsleute, im Rahmen des internationalen Festivals der Jugendorchester, teil. Dieses Esemble, welches vor etwas mehr als einem Jahr gegr\u00fcndet wurde, pr\u00e4sentierte uns zuerst die Zweite Suite von J.-S. Bach, unter der Dirigentschaft seines Leiters, Hans Rogner. Dann gab Rudolf Schwarz, der Ehrengast, uns eine lebendige Interpretation voller W\u00e4rme, der Symphonie No 97 von Josef Haydn. Gewisse technische Probleme stellten sich den jungen Interpreten, und weder die Z\u00fcge der Violinen noch die Genauigkeit der Bl\u00e4ser waren immer befriedigend. Die Musiker \u00fcbertrafen sich, uns eine sehr anziehende Version zu geben, voll von Poesie und Klangfarben von der\u00a0<em>Musique \u00e9l\u00e9giaque<\/em>\u00a0von Armin Schibler.<\/p>\n\n\n\n<p class=\"has-background\" style=\"background-color:#fbaeae\">Aber der gro\u00dfe Moment dieses Konzertes wurde f\u00fcr das Ende reserviert: der junge Pianist Charles Jann, 18 Jahre alt, hob die Begeisterung des Saals, als er mit einer \u00fcberraschenden technischen und musikalischen Beherrschung das Zweite Konzert in F Moll von Chopin spielte. Charme in der Klangf\u00fclle, rhythmisches Leben, hochentwickelter Sinn f\u00fcr Phrasierung, Betonung des musikalischen Satzes, Raffiniertheit im Detail, Vollendung der gesamten Form und der poetische Atem machen Charles Jann unstreitig zu einem der besten Pianisten der aufsteigenden Generation.<\/p>\n\n\n\n<p>Ich schulde mir, die Leistungen von zwei erstklassigen Ensemblen hervorzuheben, die wir diese letzten Tage h\u00f6ren konnten. Zun\u00e4chst das Kammerorchester von Brno, das mir bis heute mit Abstand das beste dieses Festivals zu sein scheint, und dessen musikalische Reife es in den Rang von hochwertigen Berufsorchestern stellt; au\u00dferdem das Jugendorchester des Norwegischen Radios und dessen sehr musikalische, luftige Interpretation der Zweiten Symphonie von Sybelius, dem h\u00f6chstens etwas an Gro\u00dfmut und Macht fehlte.<\/p>\n\n\n\n<p>Die drei genannten Orchester unterscheiden sich von den amerikanischen Orchestern oder dem Orchester von Singapur durch ihr erheblich h\u00f6heres Durchschnittsalter. Und dies bringt mich dazu, eine Frage zu stellen: au\u00dfer dem Interesse, welches die jungen Musiker haben, sich mit ihren Kollegen aus allen Gegenden der Erde zu treffen und die daraus resultierende Bereicherung, die aus der Konfrontation mit den musikalischen Unterrichtssystemen entstehen kann, klatschen wir nicht zu oft Beifall den Heldentaten, die mehr dem Zirkus als der wahren Musik entspringen, n\u00e4mlich dem sehr niedrigen Alter der Interpreten, deren embryonale musikalische Reife ein zu gro\u00dfes Hinderniss f\u00fcr eine zufriedenstellende Interpretation bietet?&#8230; Denn um offen zu sein, enth\u00e4lt unsere Reaktion nicht mehr von: &#8220; Nun, dies ist au\u00dferordentlich f\u00fcr ihr Alter!&#8220; statt von Erw\u00e4gungen musikalischer Klassen. Ist es wirklich erforderlich, das Musikfestival, wo die Musik sehr oft abwesend ist?&#8230;<\/p>\n\n\n\n<p>J.-F. MONOT<\/p>\n<\/div><\/div>\n\n\n<div class=\"wp-block-image\">\n<figure class=\"aligncenter size-large\"><img loading=\"lazy\" decoding=\"async\" width=\"681\" height=\"778\" src=\"https:\/\/www.charlesjann.com\/wp-content\/uploads\/article1.gif\" alt=\"\" class=\"wp-image-45\"\/><\/figure><\/div>","protected":false},"excerpt":{"rendered":"","protected":false},"author":1,"featured_media":0,"parent":7,"menu_order":0,"comment_status":"closed","ping_status":"closed","template":"","meta":{"footnotes":""},"_links":{"self":[{"href":"https:\/\/www.charlesjann.com\/de\/wp-json\/wp\/v2\/pages\/44"}],"collection":[{"href":"https:\/\/www.charlesjann.com\/de\/wp-json\/wp\/v2\/pages"}],"about":[{"href":"https:\/\/www.charlesjann.com\/de\/wp-json\/wp\/v2\/types\/page"}],"author":[{"embeddable":true,"href":"https:\/\/www.charlesjann.com\/de\/wp-json\/wp\/v2\/users\/1"}],"replies":[{"embeddable":true,"href":"https:\/\/www.charlesjann.com\/de\/wp-json\/wp\/v2\/comments?post=44"}],"version-history":[{"count":12,"href":"https:\/\/www.charlesjann.com\/de\/wp-json\/wp\/v2\/pages\/44\/revisions"}],"predecessor-version":[{"id":278,"href":"https:\/\/www.charlesjann.com\/de\/wp-json\/wp\/v2\/pages\/44\/revisions\/278"}],"up":[{"embeddable":true,"href":"https:\/\/www.charlesjann.com\/de\/wp-json\/wp\/v2\/pages\/7"}],"wp:attachment":[{"href":"https:\/\/www.charlesjann.com\/de\/wp-json\/wp\/v2\/media?parent=44"}],"curies":[{"name":"wp","href":"https:\/\/api.w.org\/{rel}","templated":true}]}}